{"id":793,"date":"2022-01-19T10:40:50","date_gmt":"2022-01-19T09:40:50","guid":{"rendered":"https:\/\/precom-barolles.diadao.dev\/boutique-hotel-4-etoiles-martinique\/"},"modified":"2024-02-28T12:06:24","modified_gmt":"2024-02-28T11:06:24","slug":"home","status":"publish","type":"page","link":"https:\/\/hotel-des-barolles.fr\/en\/","title":{"rendered":"Home"},"content":{"rendered":"","protected":false},"excerpt":{"rendered":"","protected":false},"author":1,"featured_media":0,"parent":0,"menu_order":1,"comment_status":"closed","ping_status":"closed","template":"","meta":{"_seopress_robots_primary_cat":"","_seopress_titles_title":"~ H\u00f4tel des Barolles | H\u00f4tel Pr\u00e8s de Lyon | 3 \u00e9toiles","_seopress_titles_desc":"Site Officiel  Bienvenue chez vous dans notre h\u00f4tel 3***, l&#039;h\u00f4tel des Barolles, notre demeure accueillante situ\u00e9e pr\u00e8s de Lyon. R\u00e9servez sur notre site.","_seopress_robots_index":"","inline_featured_image":false,"footnotes":""},"class_list":["post-793","page","type-page","status-publish","hentry"],"acf":[],"_links":{"self":[{"href":"https:\/\/hotel-des-barolles.fr\/en\/wp-json\/wp\/v2\/pages\/793","targetHints":{"allow":["GET"]}}],"collection":[{"href":"https:\/\/hotel-des-barolles.fr\/en\/wp-json\/wp\/v2\/pages"}],"about":[{"href":"https:\/\/hotel-des-barolles.fr\/en\/wp-json\/wp\/v2\/types\/page"}],"author":[{"embeddable":true,"href":"https:\/\/hotel-des-barolles.fr\/en\/wp-json\/wp\/v2\/users\/1"}],"replies":[{"embeddable":true,"href":"https:\/\/hotel-des-barolles.fr\/en\/wp-json\/wp\/v2\/comments?post=793"}],"version-history":[{"count":13,"href":"https:\/\/hotel-des-barolles.fr\/en\/wp-json\/wp\/v2\/pages\/793\/revisions"}],"predecessor-version":[{"id":893,"href":"https:\/\/hotel-des-barolles.fr\/en\/wp-json\/wp\/v2\/pages\/793\/revisions\/893"}],"wp:attachment":[{"href":"https:\/\/hotel-des-barolles.fr\/en\/wp-json\/wp\/v2\/media?parent=793"}],"curies":[{"name":"wp","href":"https:\/\/api.w.org\/{rel}","templated":true}]}}