{"id":2,"date":"2022-01-19T10:40:50","date_gmt":"2022-01-19T09:40:50","guid":{"rendered":"https:\/\/hotelsablebleu.com\/?page_id=2"},"modified":"2024-06-19T15:12:27","modified_gmt":"2024-06-19T13:12:27","slug":"boutique-hotel-4-etoiles-martinique","status":"publish","type":"page","link":"https:\/\/hotel-des-barolles.fr\/fr\/","title":{"rendered":"Accueil"},"content":{"rendered":"","protected":false},"excerpt":{"rendered":"","protected":false},"author":1,"featured_media":0,"parent":0,"menu_order":1,"comment_status":"closed","ping_status":"closed","template":"","meta":{"_seopress_robots_primary_cat":"","_seopress_titles_title":"~ H\u00f4tel des Barolles | H\u00f4tel Pr\u00e8s de Lyon | 3 \u00e9toiles","_seopress_titles_desc":"Site Officiel  Bienvenue chez vous dans notre h\u00f4tel 3***, l&#039;h\u00f4tel des Barolles, notre demeure accueillante situ\u00e9e pr\u00e8s de Lyon. R\u00e9servez sur notre site.","_seopress_robots_index":"","inline_featured_image":false,"footnotes":""},"class_list":["post-2","page","type-page","status-publish","hentry"],"acf":[],"_links":{"self":[{"href":"https:\/\/hotel-des-barolles.fr\/fr\/wp-json\/wp\/v2\/pages\/2","targetHints":{"allow":["GET"]}}],"collection":[{"href":"https:\/\/hotel-des-barolles.fr\/fr\/wp-json\/wp\/v2\/pages"}],"about":[{"href":"https:\/\/hotel-des-barolles.fr\/fr\/wp-json\/wp\/v2\/types\/page"}],"author":[{"embeddable":true,"href":"https:\/\/hotel-des-barolles.fr\/fr\/wp-json\/wp\/v2\/users\/1"}],"replies":[{"embeddable":true,"href":"https:\/\/hotel-des-barolles.fr\/fr\/wp-json\/wp\/v2\/comments?post=2"}],"version-history":[{"count":42,"href":"https:\/\/hotel-des-barolles.fr\/fr\/wp-json\/wp\/v2\/pages\/2\/revisions"}],"predecessor-version":[{"id":923,"href":"https:\/\/hotel-des-barolles.fr\/fr\/wp-json\/wp\/v2\/pages\/2\/revisions\/923"}],"wp:attachment":[{"href":"https:\/\/hotel-des-barolles.fr\/fr\/wp-json\/wp\/v2\/media?parent=2"}],"curies":[{"name":"wp","href":"https:\/\/api.w.org\/{rel}","templated":true}]}}